{"id":13,"date":"2026-02-25T16:26:04","date_gmt":"2026-02-25T16:26:04","guid":{"rendered":"https:\/\/xn--essnciadotoquespa-vtb.pt\/?page_id=13"},"modified":"2026-04-29T16:05:51","modified_gmt":"2026-04-29T16:05:51","slug":"promocoes","status":"publish","type":"page","link":"https:\/\/xn--essnciadotoquespa-vtb.pt\/promocoes\/","title":{"rendered":"Promo\u00e7\u00f5es"},"content":{"rendered":"\n<p>Na Ess\u00eancia do Toque Spa, acreditamos que o tempo n\u00e3o deve ser apenas contado, mas sentido. Por vezes o nosso corpo pede um <strong>sil\u00eancio que a nossa mente n\u00e3o consegue se encontrar.<\/strong> \u00c9 nesse momento de entrega que criamos as nossas oportunidades pensadas para que o seu bem-estar deixe de ser um luxo e passe a ser o seu estado natural.<\/p>\n\n\n\n<p>Explore as nossas campanhas atuais e permita-se desligar do ru\u00eddo do dia-a-dia, para se reconectar com o que \u00e9 essencial.<\/p>\n\n\n\n\n<!DOCTYPE html>\n<html lang=\"pt\">\n<head>\n  <meta charset=\"UTF-8\" \/>\n  <meta name=\"viewport\" content=\"width=device-width, initial-scale=1.0\" \/>\n  <title>Promo\u00e7\u00f5es \u2014 Ess\u00eancia do Toque Spa<\/title>\n  <link href=\"https:\/\/fonts.googleapis.com\/css2?family=Cormorant+Garamond:ital,wght@0,300;0,400;0,500;1,300;1,400&#038;family=Jost:wght@300;400;500&#038;display=swap\" rel=\"stylesheet\" \/>\n  <style>\n    *, *::before, *::after { box-sizing: border-box; margin: 0; padding: 0; }\n\n    :root {\n      --cream:     #F0FAF7;\n      --sand:      #C9EDE3;\n      --stone:     #8DCABB;\n      --warm:      #4A9B8A;\n      --bark:      #1D6B5E;\n      --deep:      #0D3D35;\n      --moss:      #2BB5A0;\n      --gold:      #FF7E6B;\n      --gold-lt:   #FFB3A7;\n      --white:     #FAFFFE;\n    }\n\n    html { scroll-behavior: smooth; }\n\n    body {\n      font-family: 'Jost', sans-serif;\n      background-color: var(--cream);\n      color: var(--deep);\n      min-height: 100vh;\n      overflow-x: hidden;\n    }\n\n    body::before {\n      content: '';\n      position: fixed;\n      inset: 0;\n      background-image:\n        radial-gradient(ellipse 80% 60% at 10% 20%, rgba(43,181,160,0.10) 0%, transparent 60%),\n        radial-gradient(ellipse 60% 80% at 90% 80%, rgba(255,126,107,0.07) 0%, transparent 55%);\n      pointer-events: none;\n      z-index: 0;\n    }\n\n    header {\n      position: relative;\n      z-index: 1;\n      text-align: center;\n      padding: 72px 24px 56px;\n      border-bottom: 1px solid var(--sand);\n    }\n\n    header h1 {\n      font-family: 'Cormorant Garamond', serif;\n      font-weight: 300;\n      font-size: clamp(36px, 6vw, 64px);\n      line-height: 1.1;\n      color: var(--bark);\n      margin-bottom: 14px;\n    }\n\n    header h1 em {\n      font-style: italic;\n      color: var(--gold);\n    }\n\n    header p {\n      font-size: 14px;\n      font-weight: 300;\n      color: #111111;\n      letter-spacing: 0.04em;\n    }\n\n    .ornament {\n      display: flex;\n      align-items: center;\n      justify-content: center;\n      gap: 16px;\n      margin: 24px auto 0;\n    }\n\n    .ornament-line { width: 60px; height: 1px; background: linear-gradient(to right, transparent, var(--gold-lt)); }\n    .ornament-line.r { background: linear-gradient(to left, transparent, var(--gold-lt)); }\n    .ornament svg { width: 20px; height: 20px; opacity: 0.7; }\n\n    main {\n      position: relative;\n      z-index: 1;\n      max-width: 1060px;\n      margin: 0 auto;\n      padding: 64px 24px 80px;\n    }\n\n    .section { margin-bottom: 64px; }\n\n    .section-header {\n      display: flex;\n      align-items: center;\n      gap: 20px;\n      margin-bottom: 32px;\n    }\n\n    .section-icon {\n      width: 40px; height: 40px;\n      border-radius: 50%;\n      display: flex; align-items: center; justify-content: center;\n      flex-shrink: 0;\n    }\n\n    .icon-relax  { background: rgba(43,181,160,0.14); }\n    .icon-linfat { background: rgba(29,107,94,0.10); }\n    .icon-rusto  { background: rgba(255,126,107,0.13); }\n\n    .section-label { display: flex; flex-direction: column; gap: 2px; }\n\n    .section-label span {\n      font-size: 10px; font-weight: 400;\n      letter-spacing: 0.18em; text-transform: uppercase;\n      color: var(--stone);\n    }\n\n    .section-label h2 {\n      font-family: 'Cormorant Garamond', serif;\n      font-weight: 400; font-size: 24px;\n      color: var(--bark); letter-spacing: 0.01em;\n    }\n\n    .cards { display: grid; grid-template-columns: repeat(auto-fit, minmax(240px, 1fr)); gap: 16px; }\n\n    .card {\n      background: var(--white);\n      border: 1px solid var(--sand);\n      border-radius: 4px;\n      padding: 28px 28px 24px;\n      display: flex; flex-direction: column;\n      position: relative; overflow: hidden;\n      transition: border-color 0.3s, transform 0.25s, box-shadow 0.25s;\n      cursor: default;\n    }\n\n    .card::before {\n      content: '';\n      position: absolute; top: 0; left: 0; right: 0;\n      height: 2px; background: transparent;\n      transition: background 0.3s;\n    }\n\n    .card:hover {\n      border-color: var(--stone);\n      transform: translateY(-3px);\n      box-shadow: 0 12px 32px rgba(13,61,53,0.09);\n    }\n\n    .card.relax:hover::before  { background: var(--moss); }\n    .card.linfat:hover::before { background: var(--bark); }\n    .card.rusto:hover::before  { background: var(--gold); }\n\n    .card-pack {\n      font-size: 10px; font-weight: 500;\n      letter-spacing: 0.2em; text-transform: uppercase;\n      margin-bottom: 14px;\n      display: flex; align-items: center; gap: 8px;\n    }\n\n    .pack-dot { width: 6px; height: 6px; border-radius: 50%; flex-shrink: 0; }\n\n    .relax  .pack-dot { background: var(--moss); }\n    .linfat .pack-dot { background: var(--bark); }\n    .rusto  .pack-dot { background: var(--gold); }\n\n    .relax  .card-pack { color: var(--moss); }\n    .linfat .card-pack { color: var(--bark); }\n    .rusto  .card-pack { color: var(--gold); }\n\n    .card-name {\n      font-family: 'Cormorant Garamond', serif;\n      font-weight: 400; font-size: 20px;\n      color: var(--deep); line-height: 1.3; margin-bottom: 6px;\n    }\n\n    .card-detail {\n      font-size: 12px; font-weight: 300;\n      color: var(--warm); letter-spacing: 0.06em; margin-bottom: 24px;\n    }\n\n    .card-price {\n      margin-top: auto;\n      display: flex; align-items: baseline; gap: 4px;\n      padding-top: 20px; border-top: 1px solid var(--sand);\n    }\n\n    .price-value {\n      font-family: 'Cormorant Garamond', serif;\n      font-weight: 300; font-size: 38px; line-height: 1; color: var(--bark);\n    }\n\n    .price-currency {\n      font-family: 'Cormorant Garamond', serif;\n      font-size: 20px; font-weight: 300; color: var(--warm); margin-bottom: 4px;\n    }\n\n    .price-label {\n      font-size: 10px; font-weight: 300; letter-spacing: 0.1em;\n      color: var(--stone); margin-left: 4px; align-self: flex-end; padding-bottom: 6px;\n    }\n\n    .divider { display: flex; align-items: center; gap: 20px; margin: 0 0 64px; }\n    .divider-line { flex: 1; height: 1px; background: var(--sand); }\n    .divider-dot  { width: 5px; height: 5px; border-radius: 50%; background: var(--stone); flex-shrink: 0; }\n\n    footer {\n      position: relative; z-index: 1;\n      text-align: center; padding: 32px 24px 48px;\n      border-top: 1px solid var(--sand);\n    }\n\n    footer p {\n      font-family: 'Cormorant Garamond', serif;\n      font-style: italic; font-size: 15px;\n      color: var(--warm); letter-spacing: 0.04em;\n    }\n\n    @keyframes fadeUp {\n      from { opacity: 0; transform: translateY(18px); }\n      to   { opacity: 1; transform: translateY(0); }\n    }\n\n    header   { animation: fadeUp 0.7s ease both; }\n    .section { animation: fadeUp 0.7s ease both; }\n    .section:nth-child(2) { animation-delay: 0.1s; }\n    .section:nth-child(3) { animation-delay: 0.2s; }\n\n    @media (max-width: 520px) {\n      header { padding: 48px 20px 40px; }\n      main   { padding: 40px 16px 60px; }\n      .cards { grid-template-columns: 1fr; }\n    }\n  <\/style>\n<\/head>\n<body>\n\n  <header>\n    <h1>Pack por <em>Quantidade<\/em><\/h1>\n    <p>Poupe mais ao escolher packs de m\u00faltiplas sess\u00f5es<\/p>\n    <div class=\"ornament\">\n      <div class=\"ornament-line\"><\/div>\n      <svg viewBox=\"0 0 24 24\" fill=\"none\" xmlns=\"http:\/\/www.w3.org\/2000\/svg\">\n        <path d=\"M12 3C8 3 5 7 5 11c0 3.5 2 6.5 5 8l.5-2.5C8.5 15.5 7 13.5 7 11c0-2.8 2.2-5 5-5s5 2.2 5 5c0 2.5-1.5 4.5-3.5 5.5L14 19c3-1.5 5-4.5 5-8 0-4-3-8-7-8z\" fill=\"#FF7E6B\"\/>\n      <\/svg>\n      <div class=\"ornament-line r\"><\/div>\n    <\/div>\n  <\/header>\n\n  <main>\n\n    <!-- RELAXAMENTO -->\n    <section class=\"section\">\n      <div class=\"section-header\">\n        <div class=\"section-icon icon-relax\">\n          <svg width=\"20\" height=\"20\" viewBox=\"0 0 24 24\" fill=\"none\">\n            <path d=\"M12 2a10 10 0 1 0 0 20A10 10 0 0 0 12 2zm0 3c1.7 0 3 2.7 3 6s-1.3 6-3 6-3-2.7-3-6 1.3-6 3-6zm-7 7c0-1.7 2.7-3 6-3v6c-3.3 0-6-1.3-6-3zm7 6c-1.7 0-3-1.3-3-3h6c0 1.7-1.3 3-3 3zm1-9V5c3.3 0 6 1.3 6 3s-2.7 3-6 3z\" fill=\"#2BB5A0\"\/>\n          <\/svg>\n        <\/div>\n        <div class=\"section-label\">\n          <span>Tratamento<\/span>\n          <h2>Massagem de Relaxamento<\/h2>\n        <\/div>\n      <\/div>\n      <div class=\"cards\">\n        <div class=\"card relax\">\n          <div class=\"card-pack\"><span class=\"pack-dot\"><\/span>Pack 3<\/div>\n          <div class=\"card-name\">Relaxamento<br>30 minutos<\/div>\n          <div class=\"card-detail\">3 sess\u00f5es de 30 minutos<\/div>\n          <div class=\"card-price\">\n            <span class=\"price-value\">50<\/span>\n            <span class=\"price-currency\">\u20ac<\/span>\n            <span class=\"price-label\">\/ pack<\/span>\n          <\/div>\n        <\/div>\n        <div class=\"card relax\">\n          <div class=\"card-pack\"><span class=\"pack-dot\"><\/span>Pack 5<\/div>\n          <div class=\"card-name\">Relaxamento<br>60 minutos<\/div>\n          <div class=\"card-detail\">5 sess\u00f5es de 60 minutos<\/div>\n          <div class=\"card-price\">\n            <span class=\"price-value\">130<\/span>\n            <span class=\"price-currency\">\u20ac<\/span>\n            <span class=\"price-label\">\/ pack<\/span>\n          <\/div>\n        <\/div>\n        <div class=\"card relax\">\n          <div class=\"card-pack\"><span class=\"pack-dot\"><\/span>Pack 3<\/div>\n          <div class=\"card-name\">Relaxamento<br>90 minutos<\/div>\n          <div class=\"card-detail\">3 sess\u00f5es de 90 minutos<\/div>\n          <div class=\"card-price\">\n            <span class=\"price-value\">150<\/span>\n            <span class=\"price-currency\">\u20ac<\/span>\n            <span class=\"price-label\">\/ pack<\/span>\n          <\/div>\n        <\/div>\n      <\/div>\n    <\/section>\n\n    <div class=\"divider\">\n      <div class=\"divider-line\"><\/div>\n      <div class=\"divider-dot\"><\/div>\n      <div class=\"divider-line\"><\/div>\n    <\/div>\n\n    <!-- LINF\u00c1TICA -->\n    <section class=\"section\">\n      <div class=\"section-header\">\n        <div class=\"section-icon icon-linfat\">\n          <svg width=\"20\" height=\"20\" viewBox=\"0 0 24 24\" fill=\"none\">\n            <path d=\"M12 2C6.5 2 2 6.5 2 12s4.5 10 10 10 10-4.5 10-10S17.5 2 12 2zm0 18c-4.4 0-8-3.6-8-8s3.6-8 8-8 8 3.6 8 8-3.6 8-8 8zm-1-13v5l4 2.5-.8 1.2L9 13V7h2z\" fill=\"#1D6B5E\"\/>\n          <\/svg>\n        <\/div>\n        <div class=\"section-label\">\n          <span>Tratamento<\/span>\n          <h2>Massagem Linf\u00e1tica Manual<\/h2>\n        <\/div>\n      <\/div>\n      <div class=\"cards\">\n        <div class=\"card linfat\">\n          <div class=\"card-pack\"><span class=\"pack-dot\"><\/span>Pack 3<\/div>\n          <div class=\"card-name\">Linf\u00e1tica Manual<br>60 minutos<\/div>\n          <div class=\"card-detail\">3 sess\u00f5es de 60 minutos<\/div>\n          <div class=\"card-price\">\n            <span class=\"price-value\">120<\/span>\n            <span class=\"price-currency\">\u20ac<\/span>\n            <span class=\"price-label\">\/ pack<\/span>\n          <\/div>\n        <\/div>\n        <div class=\"card linfat\">\n          <div class=\"card-pack\"><span class=\"pack-dot\"><\/span>Pack 5<\/div>\n          <div class=\"card-name\">Linf\u00e1tica Manual<br>90 minutos<\/div>\n          <div class=\"card-detail\">5 sess\u00f5es de 90 minutos<\/div>\n          <div class=\"card-price\">\n            <span class=\"price-value\">310<\/span>\n            <span class=\"price-currency\">\u20ac<\/span>\n            <span class=\"price-label\">\/ pack<\/span>\n          <\/div>\n        <\/div>\n      <\/div>\n    <\/section>\n\n    <div class=\"divider\">\n      <div class=\"divider-line\"><\/div>\n      <div class=\"divider-dot\"><\/div>\n      <div class=\"divider-line\"><\/div>\n    <\/div>\n\n    <!-- RUSTO RADIANTE -->\n    <section class=\"section\">\n      <div class=\"section-header\">\n        <div class=\"section-icon icon-rusto\">\n          <svg width=\"20\" height=\"20\" viewBox=\"0 0 24 24\" fill=\"none\">\n            <path d=\"M12 2l2.4 7.4H22l-6.2 4.5 2.4 7.4L12 17l-6.2 4.3 2.4-7.4L2 9.4h7.6z\" fill=\"#FF7E6B\"\/>\n          <\/svg>\n        <\/div>\n        <div class=\"section-label\">\n          <span>Rusto Radiante<\/span>\n          <h2>Head Spa<\/h2>\n        <\/div>\n      <\/div>\n      <div class=\"cards\">\n        <div class=\"card rusto\">\n          <div class=\"card-pack\"><span class=\"pack-dot\"><\/span>Pack 3<\/div>\n          <div class=\"card-name\">Head Spa<br>30 minutos<\/div>\n          <div class=\"card-detail\">3 sess\u00f5es de 30 minutos<\/div>\n          <div class=\"card-price\">\n            <span class=\"price-value\">130<\/span>\n            <span class=\"price-currency\">\u20ac<\/span>\n            <span class=\"price-label\">\/ pack<\/span>\n          <\/div>\n        <\/div>\n        <div class=\"card rusto\">\n          <div class=\"card-pack\"><span class=\"pack-dot\"><\/span>Pack 5<\/div>\n          <div class=\"card-name\">Head Spa<br>30 minutos<\/div>\n          <div class=\"card-detail\">5 sess\u00f5es de 30 minutos<\/div>\n          <div class=\"card-price\">\n            <span class=\"price-value\">220<\/span>\n            <span class=\"price-currency\">\u20ac<\/span>\n            <span class=\"price-label\">\/ pack<\/span>\n          <\/div>\n        <\/div>\n      <\/div>\n    <\/section>\n\n  <\/main>\n\n  <footer>\n    <p>Uma experi\u00eancia pensada para o seu bem-estar<\/p>\n  <\/footer>\n\n<\/body>\n<\/html>\n\n\n\n\n<blockquote class=\"wp-block-quote is-layout-flow wp-block-quote-is-layout-flow\"><\/blockquote>\n\n\n\n<p class=\"has-medium-font-size\">\ud83d\udc86\u200d\u2640\ufe0fO toque \u00e9 a linguagem que o corpo entende antes das palavras. No Ess\u00eancia do Toque, cada movimento \u00e9 um convite para regressar a casa ao nosso pr\u00f3prio equil\u00edbrio.<\/p>\n","protected":false},"excerpt":{"rendered":"<p>Na Ess\u00eancia do Toque Spa, acreditamos que o tempo n\u00e3o deve ser apenas contado, mas sentido. Por vezes o nosso corpo pede um sil\u00eancio que a nossa mente n\u00e3o consegue &hellip; <\/p>\n","protected":false},"author":1,"featured_media":233,"parent":0,"menu_order":0,"comment_status":"closed","ping_status":"closed","template":"","meta":{"footnotes":""},"class_list":["post-13","page","type-page","status-publish","has-post-thumbnail","hentry"],"yoast_head":"<!-- This site is optimized with the Yoast SEO plugin v27.5 - https:\/\/yoast.com\/product\/yoast-seo-wordpress\/ -->\n<title>Promo\u00e7\u00f5es - Ess\u00eancia do Toque Spa<\/title>\n<meta name=\"robots\" content=\"index, follow, max-snippet:-1, max-image-preview:large, max-video-preview:-1\" \/>\n<link rel=\"canonical\" href=\"https:\/\/xn--essnciadotoquespa-vtb.pt\/promocoes\/\" \/>\n<meta property=\"og:locale\" content=\"en_US\" \/>\n<meta property=\"og:type\" content=\"article\" \/>\n<meta property=\"og:title\" content=\"Promo\u00e7\u00f5es - Ess\u00eancia do Toque Spa\" \/>\n<meta property=\"og:description\" content=\"Na Ess\u00eancia do Toque Spa, acreditamos que o tempo n\u00e3o deve ser apenas contado, mas sentido. Por vezes o nosso corpo pede um sil\u00eancio que a nossa mente n\u00e3o consegue &hellip;\" \/>\n<meta property=\"og:url\" content=\"https:\/\/xn--essnciadotoquespa-vtb.pt\/promocoes\/\" \/>\n<meta property=\"og:site_name\" content=\"Ess\u00eancia do Toque Spa\" \/>\n<meta property=\"article:modified_time\" content=\"2026-04-29T16:05:51+00:00\" \/>\n<meta property=\"og:image\" content=\"https:\/\/xn--essnciadotoquespa-vtb.pt\/wp-content\/uploads\/2026\/04\/promocoes.jpg\" \/>\n\t<meta property=\"og:image:width\" content=\"736\" \/>\n\t<meta property=\"og:image:height\" content=\"1104\" \/>\n\t<meta property=\"og:image:type\" content=\"image\/jpeg\" \/>\n<meta name=\"twitter:card\" content=\"summary_large_image\" \/>\n<meta name=\"twitter:label1\" content=\"Est. reading time\" \/>\n\t<meta name=\"twitter:data1\" content=\"1 minute\" \/>\n<script type=\"application\/ld+json\" class=\"yoast-schema-graph\">{\"@context\":\"https:\\\/\\\/schema.org\",\"@graph\":[{\"@type\":\"WebPage\",\"@id\":\"https:\\\/\\\/xn--essnciadotoquespa-vtb.pt\\\/promocoes\\\/\",\"url\":\"https:\\\/\\\/xn--essnciadotoquespa-vtb.pt\\\/promocoes\\\/\",\"name\":\"Promo\u00e7\u00f5es - Ess\u00eancia do Toque Spa\",\"isPartOf\":{\"@id\":\"https:\\\/\\\/xn--essnciadotoquespa-vtb.pt\\\/#website\"},\"primaryImageOfPage\":{\"@id\":\"https:\\\/\\\/xn--essnciadotoquespa-vtb.pt\\\/promocoes\\\/#primaryimage\"},\"image\":{\"@id\":\"https:\\\/\\\/xn--essnciadotoquespa-vtb.pt\\\/promocoes\\\/#primaryimage\"},\"thumbnailUrl\":\"https:\\\/\\\/xn--essnciadotoquespa-vtb.pt\\\/wp-content\\\/uploads\\\/2026\\\/04\\\/promocoes.jpg\",\"datePublished\":\"2026-02-25T16:26:04+00:00\",\"dateModified\":\"2026-04-29T16:05:51+00:00\",\"breadcrumb\":{\"@id\":\"https:\\\/\\\/xn--essnciadotoquespa-vtb.pt\\\/promocoes\\\/#breadcrumb\"},\"inLanguage\":\"en-US\",\"potentialAction\":[{\"@type\":\"ReadAction\",\"target\":[\"https:\\\/\\\/xn--essnciadotoquespa-vtb.pt\\\/promocoes\\\/\"]}]},{\"@type\":\"ImageObject\",\"inLanguage\":\"en-US\",\"@id\":\"https:\\\/\\\/xn--essnciadotoquespa-vtb.pt\\\/promocoes\\\/#primaryimage\",\"url\":\"https:\\\/\\\/xn--essnciadotoquespa-vtb.pt\\\/wp-content\\\/uploads\\\/2026\\\/04\\\/promocoes.jpg\",\"contentUrl\":\"https:\\\/\\\/xn--essnciadotoquespa-vtb.pt\\\/wp-content\\\/uploads\\\/2026\\\/04\\\/promocoes.jpg\",\"width\":736,\"height\":1104},{\"@type\":\"BreadcrumbList\",\"@id\":\"https:\\\/\\\/xn--essnciadotoquespa-vtb.pt\\\/promocoes\\\/#breadcrumb\",\"itemListElement\":[{\"@type\":\"ListItem\",\"position\":1,\"name\":\"In\u00edcio\",\"item\":\"https:\\\/\\\/xn--essnciadotoquespa-vtb.pt\\\/\"},{\"@type\":\"ListItem\",\"position\":2,\"name\":\"Promo\u00e7\u00f5es\"}]},{\"@type\":\"WebSite\",\"@id\":\"https:\\\/\\\/xn--essnciadotoquespa-vtb.pt\\\/#website\",\"url\":\"https:\\\/\\\/xn--essnciadotoquespa-vtb.pt\\\/\",\"name\":\"Ess\u00eancia do Toque Spa\",\"description\":\"Um ref\u00fagio de tranquilidade onde o corpo e a mente se encontram\",\"publisher\":{\"@id\":\"https:\\\/\\\/xn--essnciadotoquespa-vtb.pt\\\/#organization\"},\"potentialAction\":[{\"@type\":\"SearchAction\",\"target\":{\"@type\":\"EntryPoint\",\"urlTemplate\":\"https:\\\/\\\/xn--essnciadotoquespa-vtb.pt\\\/?s={search_term_string}\"},\"query-input\":{\"@type\":\"PropertyValueSpecification\",\"valueRequired\":true,\"valueName\":\"search_term_string\"}}],\"inLanguage\":\"en-US\"},{\"@type\":\"Organization\",\"@id\":\"https:\\\/\\\/xn--essnciadotoquespa-vtb.pt\\\/#organization\",\"name\":\"Ess\u00eancia do Toque Spa\",\"url\":\"https:\\\/\\\/xn--essnciadotoquespa-vtb.pt\\\/\",\"logo\":{\"@type\":\"ImageObject\",\"inLanguage\":\"en-US\",\"@id\":\"https:\\\/\\\/xn--essnciadotoquespa-vtb.pt\\\/#\\\/schema\\\/logo\\\/image\\\/\",\"url\":\"http:\\\/\\\/xn--essnciadotoquespa-vtb.pt\\\/wp-content\\\/uploads\\\/2026\\\/02\\\/cropped-Captura-de-ecra-2026-02-19-as-15.05.45-1.png\",\"contentUrl\":\"http:\\\/\\\/xn--essnciadotoquespa-vtb.pt\\\/wp-content\\\/uploads\\\/2026\\\/02\\\/cropped-Captura-de-ecra-2026-02-19-as-15.05.45-1.png\",\"width\":1294,\"height\":852,\"caption\":\"Ess\u00eancia do Toque Spa\"},\"image\":{\"@id\":\"https:\\\/\\\/xn--essnciadotoquespa-vtb.pt\\\/#\\\/schema\\\/logo\\\/image\\\/\"}}]}<\/script>\n<!-- \/ Yoast SEO plugin. -->","yoast_head_json":{"title":"Promo\u00e7\u00f5es - Ess\u00eancia do Toque Spa","robots":{"index":"index","follow":"follow","max-snippet":"max-snippet:-1","max-image-preview":"max-image-preview:large","max-video-preview":"max-video-preview:-1"},"canonical":"https:\/\/xn--essnciadotoquespa-vtb.pt\/promocoes\/","og_locale":"en_US","og_type":"article","og_title":"Promo\u00e7\u00f5es - Ess\u00eancia do Toque Spa","og_description":"Na Ess\u00eancia do Toque Spa, acreditamos que o tempo n\u00e3o deve ser apenas contado, mas sentido. Por vezes o nosso corpo pede um sil\u00eancio que a nossa mente n\u00e3o consegue &hellip;","og_url":"https:\/\/xn--essnciadotoquespa-vtb.pt\/promocoes\/","og_site_name":"Ess\u00eancia do Toque Spa","article_modified_time":"2026-04-29T16:05:51+00:00","og_image":[{"width":736,"height":1104,"url":"https:\/\/xn--essnciadotoquespa-vtb.pt\/wp-content\/uploads\/2026\/04\/promocoes.jpg","type":"image\/jpeg"}],"twitter_card":"summary_large_image","twitter_misc":{"Est. reading time":"1 minute"},"schema":{"@context":"https:\/\/schema.org","@graph":[{"@type":"WebPage","@id":"https:\/\/xn--essnciadotoquespa-vtb.pt\/promocoes\/","url":"https:\/\/xn--essnciadotoquespa-vtb.pt\/promocoes\/","name":"Promo\u00e7\u00f5es - Ess\u00eancia do Toque Spa","isPartOf":{"@id":"https:\/\/xn--essnciadotoquespa-vtb.pt\/#website"},"primaryImageOfPage":{"@id":"https:\/\/xn--essnciadotoquespa-vtb.pt\/promocoes\/#primaryimage"},"image":{"@id":"https:\/\/xn--essnciadotoquespa-vtb.pt\/promocoes\/#primaryimage"},"thumbnailUrl":"https:\/\/xn--essnciadotoquespa-vtb.pt\/wp-content\/uploads\/2026\/04\/promocoes.jpg","datePublished":"2026-02-25T16:26:04+00:00","dateModified":"2026-04-29T16:05:51+00:00","breadcrumb":{"@id":"https:\/\/xn--essnciadotoquespa-vtb.pt\/promocoes\/#breadcrumb"},"inLanguage":"en-US","potentialAction":[{"@type":"ReadAction","target":["https:\/\/xn--essnciadotoquespa-vtb.pt\/promocoes\/"]}]},{"@type":"ImageObject","inLanguage":"en-US","@id":"https:\/\/xn--essnciadotoquespa-vtb.pt\/promocoes\/#primaryimage","url":"https:\/\/xn--essnciadotoquespa-vtb.pt\/wp-content\/uploads\/2026\/04\/promocoes.jpg","contentUrl":"https:\/\/xn--essnciadotoquespa-vtb.pt\/wp-content\/uploads\/2026\/04\/promocoes.jpg","width":736,"height":1104},{"@type":"BreadcrumbList","@id":"https:\/\/xn--essnciadotoquespa-vtb.pt\/promocoes\/#breadcrumb","itemListElement":[{"@type":"ListItem","position":1,"name":"In\u00edcio","item":"https:\/\/xn--essnciadotoquespa-vtb.pt\/"},{"@type":"ListItem","position":2,"name":"Promo\u00e7\u00f5es"}]},{"@type":"WebSite","@id":"https:\/\/xn--essnciadotoquespa-vtb.pt\/#website","url":"https:\/\/xn--essnciadotoquespa-vtb.pt\/","name":"Ess\u00eancia do Toque Spa","description":"Um ref\u00fagio de tranquilidade onde o corpo e a mente se encontram","publisher":{"@id":"https:\/\/xn--essnciadotoquespa-vtb.pt\/#organization"},"potentialAction":[{"@type":"SearchAction","target":{"@type":"EntryPoint","urlTemplate":"https:\/\/xn--essnciadotoquespa-vtb.pt\/?s={search_term_string}"},"query-input":{"@type":"PropertyValueSpecification","valueRequired":true,"valueName":"search_term_string"}}],"inLanguage":"en-US"},{"@type":"Organization","@id":"https:\/\/xn--essnciadotoquespa-vtb.pt\/#organization","name":"Ess\u00eancia do Toque Spa","url":"https:\/\/xn--essnciadotoquespa-vtb.pt\/","logo":{"@type":"ImageObject","inLanguage":"en-US","@id":"https:\/\/xn--essnciadotoquespa-vtb.pt\/#\/schema\/logo\/image\/","url":"http:\/\/xn--essnciadotoquespa-vtb.pt\/wp-content\/uploads\/2026\/02\/cropped-Captura-de-ecra-2026-02-19-as-15.05.45-1.png","contentUrl":"http:\/\/xn--essnciadotoquespa-vtb.pt\/wp-content\/uploads\/2026\/02\/cropped-Captura-de-ecra-2026-02-19-as-15.05.45-1.png","width":1294,"height":852,"caption":"Ess\u00eancia do Toque Spa"},"image":{"@id":"https:\/\/xn--essnciadotoquespa-vtb.pt\/#\/schema\/logo\/image\/"}}]}},"_links":{"self":[{"href":"https:\/\/xn--essnciadotoquespa-vtb.pt\/wp-json\/wp\/v2\/pages\/13","targetHints":{"allow":["GET"]}}],"collection":[{"href":"https:\/\/xn--essnciadotoquespa-vtb.pt\/wp-json\/wp\/v2\/pages"}],"about":[{"href":"https:\/\/xn--essnciadotoquespa-vtb.pt\/wp-json\/wp\/v2\/types\/page"}],"author":[{"embeddable":true,"href":"https:\/\/xn--essnciadotoquespa-vtb.pt\/wp-json\/wp\/v2\/users\/1"}],"replies":[{"embeddable":true,"href":"https:\/\/xn--essnciadotoquespa-vtb.pt\/wp-json\/wp\/v2\/comments?post=13"}],"version-history":[{"count":6,"href":"https:\/\/xn--essnciadotoquespa-vtb.pt\/wp-json\/wp\/v2\/pages\/13\/revisions"}],"predecessor-version":[{"id":259,"href":"https:\/\/xn--essnciadotoquespa-vtb.pt\/wp-json\/wp\/v2\/pages\/13\/revisions\/259"}],"wp:featuredmedia":[{"embeddable":true,"href":"https:\/\/xn--essnciadotoquespa-vtb.pt\/wp-json\/wp\/v2\/media\/233"}],"wp:attachment":[{"href":"https:\/\/xn--essnciadotoquespa-vtb.pt\/wp-json\/wp\/v2\/media?parent=13"}],"curies":[{"name":"wp","href":"https:\/\/api.w.org\/{rel}","templated":true}]}}