{"id":37,"date":"2026-02-25T17:24:02","date_gmt":"2026-02-25T17:24:02","guid":{"rendered":"https:\/\/xn--essnciadotoquespa-vtb.pt\/?page_id=37"},"modified":"2026-04-29T16:19:35","modified_gmt":"2026-04-29T16:19:35","slug":"contactos","status":"publish","type":"page","link":"https:\/\/xn--essnciadotoquespa-vtb.pt\/contactos\/","title":{"rendered":"Contactos"},"content":{"rendered":"\n<p>D\u00ea o primeiro passo para o seu bem-estar. Estamos aqui para ajudar a encontrar o tratamento perfeito para si\u2728. <\/p>\n\n\n\n<p>Pronta para renovar as suas energias?\ud83d\udc86\u200d\u2640\ufe0f<\/p>\n\n\n\n<p>Um ref\u00fagio de tranquilidade \u00e0 dist\u00e2ncia de uma massagem.<\/p>\n\n\n\n<p>Entre em contacto connosco e reserve o seu momento de paz.\ud83c\udf3f\ud83e\uddd6\u200d\u2640\ufe0f<\/p>\n\n\n\n<div class=\"wp-block-cover is-light\"><img loading=\"lazy\" decoding=\"async\" width=\"859\" height=\"1024\" class=\"wp-block-cover__image-background wp-image-235 size-large\" alt=\"\" src=\"http:\/\/xn--essnciadotoquespa-vtb.pt\/wp-content\/uploads\/2026\/04\/Contactos-859x1024.jpg\" data-object-fit=\"cover\" srcset=\"https:\/\/xn--essnciadotoquespa-vtb.pt\/wp-content\/uploads\/2026\/04\/Contactos-859x1024.jpg 859w, https:\/\/xn--essnciadotoquespa-vtb.pt\/wp-content\/uploads\/2026\/04\/Contactos-252x300.jpg 252w, https:\/\/xn--essnciadotoquespa-vtb.pt\/wp-content\/uploads\/2026\/04\/Contactos-768x916.jpg 768w, https:\/\/xn--essnciadotoquespa-vtb.pt\/wp-content\/uploads\/2026\/04\/Contactos-1289x1536.jpg 1289w, https:\/\/xn--essnciadotoquespa-vtb.pt\/wp-content\/uploads\/2026\/04\/Contactos.jpg 1718w\" sizes=\"auto, (max-width: 859px) 100vw, 859px\" \/><span aria-hidden=\"true\" class=\"wp-block-cover__background has-background-dim\" style=\"background-color:#bd9e7f\"><\/span><div class=\"wp-block-cover__inner-container is-layout-flow wp-block-cover-is-layout-flow\">\n<div class=\"wp-block-contact-form-7-contact-form-selector\">\n<div class=\"wpcf7 no-js\" id=\"wpcf7-f41-o1\" lang=\"pt-PT\" dir=\"ltr\" data-wpcf7-id=\"41\">\n<div class=\"screen-reader-response\"><p role=\"status\" aria-live=\"polite\" aria-atomic=\"true\"><\/p> <ul><\/ul><\/div>\n<form action=\"\/index.php?rest_route=%2Fwp%2Fv2%2Fpages%2F37#wpcf7-f41-o1\" method=\"post\" class=\"wpcf7-form init\" aria-label=\"Formul\u00e1rio de contacto\" novalidate=\"novalidate\" data-status=\"init\">\n<fieldset class=\"hidden-fields-container\"><input type=\"hidden\" name=\"_wpcf7\" value=\"41\" \/><input type=\"hidden\" name=\"_wpcf7_version\" value=\"6.1.5\" \/><input type=\"hidden\" name=\"_wpcf7_locale\" value=\"pt_PT\" \/><input type=\"hidden\" name=\"_wpcf7_unit_tag\" value=\"wpcf7-f41-o1\" \/><input type=\"hidden\" name=\"_wpcf7_container_post\" value=\"0\" \/><input type=\"hidden\" name=\"_wpcf7_posted_data_hash\" value=\"\" \/>\n<\/fieldset>\n<p><label> O seu nome<br \/>\n<span class=\"wpcf7-form-control-wrap\" data-name=\"your-name\"><input size=\"40\" maxlength=\"400\" class=\"wpcf7-form-control wpcf7-text wpcf7-validates-as-required\" autocomplete=\"name\" aria-required=\"true\" aria-invalid=\"false\" value=\"\" type=\"text\" name=\"your-name\" \/><\/span> <\/label>\n<\/p>\n<p><label> Contacto<br \/>\n<span class=\"wpcf7-form-control-wrap\" data-name=\"your-email\"><input size=\"40\" maxlength=\"400\" class=\"wpcf7-form-control wpcf7-email wpcf7-validates-as-required wpcf7-text wpcf7-validates-as-email\" autocomplete=\"email\" aria-required=\"true\" aria-invalid=\"false\" value=\"\" type=\"email\" name=\"your-email\" \/><\/span> <\/label>\n<\/p>\n<p><label> O Servi\u00e7o<br \/>\n<span class=\"wpcf7-form-control-wrap\" data-name=\"your-subject\"><input size=\"40\" maxlength=\"400\" class=\"wpcf7-form-control wpcf7-text wpcf7-validates-as-required\" aria-required=\"true\" aria-invalid=\"false\" value=\"\" type=\"text\" name=\"your-subject\" \/><\/span> <\/label>\n<\/p>\n<p><label> A sua mensagem (opcional)<br \/>\n<span class=\"wpcf7-form-control-wrap\" data-name=\"your-message\"><textarea cols=\"40\" rows=\"10\" maxlength=\"2000\" class=\"wpcf7-form-control wpcf7-textarea\" aria-invalid=\"false\" name=\"your-message\"><\/textarea><\/span> <\/label>\n<\/p>\n<p><input class=\"wpcf7-form-control wpcf7-submit has-spinner\" type=\"submit\" value=\"Enviar\" \/>\n<\/p><div class=\"wpcf7-response-output\" aria-hidden=\"true\"><\/div>\n<\/form>\n<\/div>\n<\/div>\n<\/div><\/div>\n\n\n\n<p>\ud83d\udccdOnde nos encontrar<\/p>\n\n\n\n<p><strong>Rua 24 de Junho<\/strong>, <strong>n\u00ba18\/2203<\/strong>, <strong>4800-076, Guimar\u00e3es<\/strong><\/p>\n","protected":false},"excerpt":{"rendered":"<p>D\u00ea o primeiro passo para o seu bem-estar. Estamos aqui para ajudar a encontrar o tratamento perfeito para si\u2728. Pronta para renovar as suas energias?\ud83d\udc86\u200d\u2640\ufe0f Um ref\u00fagio de tranquilidade \u00e0 &hellip; <\/p>\n","protected":false},"author":1,"featured_media":178,"parent":0,"menu_order":0,"comment_status":"closed","ping_status":"closed","template":"","meta":{"footnotes":""},"class_list":["post-37","page","type-page","status-publish","has-post-thumbnail","hentry"],"yoast_head":"<!-- This site is optimized with the Yoast SEO plugin v27.5 - https:\/\/yoast.com\/product\/yoast-seo-wordpress\/ -->\n<title>Contactos - Ess\u00eancia do Toque Spa<\/title>\n<meta name=\"robots\" content=\"index, follow, max-snippet:-1, max-image-preview:large, max-video-preview:-1\" \/>\n<link rel=\"canonical\" href=\"https:\/\/xn--essnciadotoquespa-vtb.pt\/contactos\/\" \/>\n<meta property=\"og:locale\" content=\"en_US\" \/>\n<meta property=\"og:type\" content=\"article\" \/>\n<meta property=\"og:title\" content=\"Contactos - Ess\u00eancia do Toque Spa\" \/>\n<meta property=\"og:description\" content=\"D\u00ea o primeiro passo para o seu bem-estar. Estamos aqui para ajudar a encontrar o tratamento perfeito para si\u2728. Pronta para renovar as suas energias?\ud83d\udc86\u200d\u2640\ufe0f Um ref\u00fagio de tranquilidade \u00e0 &hellip;\" \/>\n<meta property=\"og:url\" content=\"https:\/\/xn--essnciadotoquespa-vtb.pt\/contactos\/\" \/>\n<meta property=\"og:site_name\" content=\"Ess\u00eancia do Toque Spa\" \/>\n<meta property=\"article:modified_time\" content=\"2026-04-29T16:19:35+00:00\" \/>\n<meta property=\"og:image\" content=\"https:\/\/xn--essnciadotoquespa-vtb.pt\/wp-content\/uploads\/2026\/04\/cropped-cropped-Essencia-do-toque.jpg\" \/>\n\t<meta property=\"og:image:width\" content=\"512\" \/>\n\t<meta property=\"og:image:height\" content=\"512\" \/>\n\t<meta property=\"og:image:type\" content=\"image\/jpeg\" \/>\n<meta name=\"twitter:card\" content=\"summary_large_image\" \/>\n<script type=\"application\/ld+json\" class=\"yoast-schema-graph\">{\"@context\":\"https:\\\/\\\/schema.org\",\"@graph\":[{\"@type\":\"WebPage\",\"@id\":\"https:\\\/\\\/xn--essnciadotoquespa-vtb.pt\\\/contactos\\\/\",\"url\":\"https:\\\/\\\/xn--essnciadotoquespa-vtb.pt\\\/contactos\\\/\",\"name\":\"Contactos - Ess\u00eancia do Toque Spa\",\"isPartOf\":{\"@id\":\"https:\\\/\\\/xn--essnciadotoquespa-vtb.pt\\\/#website\"},\"primaryImageOfPage\":{\"@id\":\"https:\\\/\\\/xn--essnciadotoquespa-vtb.pt\\\/contactos\\\/#primaryimage\"},\"image\":{\"@id\":\"https:\\\/\\\/xn--essnciadotoquespa-vtb.pt\\\/contactos\\\/#primaryimage\"},\"thumbnailUrl\":\"https:\\\/\\\/xn--essnciadotoquespa-vtb.pt\\\/wp-content\\\/uploads\\\/2026\\\/04\\\/cropped-cropped-Essencia-do-toque.jpg\",\"datePublished\":\"2026-02-25T17:24:02+00:00\",\"dateModified\":\"2026-04-29T16:19:35+00:00\",\"breadcrumb\":{\"@id\":\"https:\\\/\\\/xn--essnciadotoquespa-vtb.pt\\\/contactos\\\/#breadcrumb\"},\"inLanguage\":\"en-US\",\"potentialAction\":[{\"@type\":\"ReadAction\",\"target\":[\"https:\\\/\\\/xn--essnciadotoquespa-vtb.pt\\\/contactos\\\/\"]}]},{\"@type\":\"ImageObject\",\"inLanguage\":\"en-US\",\"@id\":\"https:\\\/\\\/xn--essnciadotoquespa-vtb.pt\\\/contactos\\\/#primaryimage\",\"url\":\"https:\\\/\\\/xn--essnciadotoquespa-vtb.pt\\\/wp-content\\\/uploads\\\/2026\\\/04\\\/cropped-cropped-Essencia-do-toque.jpg\",\"contentUrl\":\"https:\\\/\\\/xn--essnciadotoquespa-vtb.pt\\\/wp-content\\\/uploads\\\/2026\\\/04\\\/cropped-cropped-Essencia-do-toque.jpg\",\"width\":512,\"height\":512},{\"@type\":\"BreadcrumbList\",\"@id\":\"https:\\\/\\\/xn--essnciadotoquespa-vtb.pt\\\/contactos\\\/#breadcrumb\",\"itemListElement\":[{\"@type\":\"ListItem\",\"position\":1,\"name\":\"In\u00edcio\",\"item\":\"https:\\\/\\\/xn--essnciadotoquespa-vtb.pt\\\/\"},{\"@type\":\"ListItem\",\"position\":2,\"name\":\"Contactos\"}]},{\"@type\":\"WebSite\",\"@id\":\"https:\\\/\\\/xn--essnciadotoquespa-vtb.pt\\\/#website\",\"url\":\"https:\\\/\\\/xn--essnciadotoquespa-vtb.pt\\\/\",\"name\":\"Ess\u00eancia do Toque Spa\",\"description\":\"Um ref\u00fagio de tranquilidade onde o corpo e a mente se encontram\",\"publisher\":{\"@id\":\"https:\\\/\\\/xn--essnciadotoquespa-vtb.pt\\\/#organization\"},\"potentialAction\":[{\"@type\":\"SearchAction\",\"target\":{\"@type\":\"EntryPoint\",\"urlTemplate\":\"https:\\\/\\\/xn--essnciadotoquespa-vtb.pt\\\/?s={search_term_string}\"},\"query-input\":{\"@type\":\"PropertyValueSpecification\",\"valueRequired\":true,\"valueName\":\"search_term_string\"}}],\"inLanguage\":\"en-US\"},{\"@type\":\"Organization\",\"@id\":\"https:\\\/\\\/xn--essnciadotoquespa-vtb.pt\\\/#organization\",\"name\":\"Ess\u00eancia do Toque Spa\",\"url\":\"https:\\\/\\\/xn--essnciadotoquespa-vtb.pt\\\/\",\"logo\":{\"@type\":\"ImageObject\",\"inLanguage\":\"en-US\",\"@id\":\"https:\\\/\\\/xn--essnciadotoquespa-vtb.pt\\\/#\\\/schema\\\/logo\\\/image\\\/\",\"url\":\"http:\\\/\\\/xn--essnciadotoquespa-vtb.pt\\\/wp-content\\\/uploads\\\/2026\\\/02\\\/cropped-Captura-de-ecra-2026-02-19-as-15.05.45-1.png\",\"contentUrl\":\"http:\\\/\\\/xn--essnciadotoquespa-vtb.pt\\\/wp-content\\\/uploads\\\/2026\\\/02\\\/cropped-Captura-de-ecra-2026-02-19-as-15.05.45-1.png\",\"width\":1294,\"height\":852,\"caption\":\"Ess\u00eancia do Toque Spa\"},\"image\":{\"@id\":\"https:\\\/\\\/xn--essnciadotoquespa-vtb.pt\\\/#\\\/schema\\\/logo\\\/image\\\/\"}}]}<\/script>\n<!-- \/ Yoast SEO plugin. -->","yoast_head_json":{"title":"Contactos - Ess\u00eancia do Toque Spa","robots":{"index":"index","follow":"follow","max-snippet":"max-snippet:-1","max-image-preview":"max-image-preview:large","max-video-preview":"max-video-preview:-1"},"canonical":"https:\/\/xn--essnciadotoquespa-vtb.pt\/contactos\/","og_locale":"en_US","og_type":"article","og_title":"Contactos - Ess\u00eancia do Toque Spa","og_description":"D\u00ea o primeiro passo para o seu bem-estar. Estamos aqui para ajudar a encontrar o tratamento perfeito para si\u2728. Pronta para renovar as suas energias?\ud83d\udc86\u200d\u2640\ufe0f Um ref\u00fagio de tranquilidade \u00e0 &hellip;","og_url":"https:\/\/xn--essnciadotoquespa-vtb.pt\/contactos\/","og_site_name":"Ess\u00eancia do Toque Spa","article_modified_time":"2026-04-29T16:19:35+00:00","og_image":[{"width":512,"height":512,"url":"https:\/\/xn--essnciadotoquespa-vtb.pt\/wp-content\/uploads\/2026\/04\/cropped-cropped-Essencia-do-toque.jpg","type":"image\/jpeg"}],"twitter_card":"summary_large_image","schema":{"@context":"https:\/\/schema.org","@graph":[{"@type":"WebPage","@id":"https:\/\/xn--essnciadotoquespa-vtb.pt\/contactos\/","url":"https:\/\/xn--essnciadotoquespa-vtb.pt\/contactos\/","name":"Contactos - Ess\u00eancia do Toque Spa","isPartOf":{"@id":"https:\/\/xn--essnciadotoquespa-vtb.pt\/#website"},"primaryImageOfPage":{"@id":"https:\/\/xn--essnciadotoquespa-vtb.pt\/contactos\/#primaryimage"},"image":{"@id":"https:\/\/xn--essnciadotoquespa-vtb.pt\/contactos\/#primaryimage"},"thumbnailUrl":"https:\/\/xn--essnciadotoquespa-vtb.pt\/wp-content\/uploads\/2026\/04\/cropped-cropped-Essencia-do-toque.jpg","datePublished":"2026-02-25T17:24:02+00:00","dateModified":"2026-04-29T16:19:35+00:00","breadcrumb":{"@id":"https:\/\/xn--essnciadotoquespa-vtb.pt\/contactos\/#breadcrumb"},"inLanguage":"en-US","potentialAction":[{"@type":"ReadAction","target":["https:\/\/xn--essnciadotoquespa-vtb.pt\/contactos\/"]}]},{"@type":"ImageObject","inLanguage":"en-US","@id":"https:\/\/xn--essnciadotoquespa-vtb.pt\/contactos\/#primaryimage","url":"https:\/\/xn--essnciadotoquespa-vtb.pt\/wp-content\/uploads\/2026\/04\/cropped-cropped-Essencia-do-toque.jpg","contentUrl":"https:\/\/xn--essnciadotoquespa-vtb.pt\/wp-content\/uploads\/2026\/04\/cropped-cropped-Essencia-do-toque.jpg","width":512,"height":512},{"@type":"BreadcrumbList","@id":"https:\/\/xn--essnciadotoquespa-vtb.pt\/contactos\/#breadcrumb","itemListElement":[{"@type":"ListItem","position":1,"name":"In\u00edcio","item":"https:\/\/xn--essnciadotoquespa-vtb.pt\/"},{"@type":"ListItem","position":2,"name":"Contactos"}]},{"@type":"WebSite","@id":"https:\/\/xn--essnciadotoquespa-vtb.pt\/#website","url":"https:\/\/xn--essnciadotoquespa-vtb.pt\/","name":"Ess\u00eancia do Toque Spa","description":"Um ref\u00fagio de tranquilidade onde o corpo e a mente se encontram","publisher":{"@id":"https:\/\/xn--essnciadotoquespa-vtb.pt\/#organization"},"potentialAction":[{"@type":"SearchAction","target":{"@type":"EntryPoint","urlTemplate":"https:\/\/xn--essnciadotoquespa-vtb.pt\/?s={search_term_string}"},"query-input":{"@type":"PropertyValueSpecification","valueRequired":true,"valueName":"search_term_string"}}],"inLanguage":"en-US"},{"@type":"Organization","@id":"https:\/\/xn--essnciadotoquespa-vtb.pt\/#organization","name":"Ess\u00eancia do Toque Spa","url":"https:\/\/xn--essnciadotoquespa-vtb.pt\/","logo":{"@type":"ImageObject","inLanguage":"en-US","@id":"https:\/\/xn--essnciadotoquespa-vtb.pt\/#\/schema\/logo\/image\/","url":"http:\/\/xn--essnciadotoquespa-vtb.pt\/wp-content\/uploads\/2026\/02\/cropped-Captura-de-ecra-2026-02-19-as-15.05.45-1.png","contentUrl":"http:\/\/xn--essnciadotoquespa-vtb.pt\/wp-content\/uploads\/2026\/02\/cropped-Captura-de-ecra-2026-02-19-as-15.05.45-1.png","width":1294,"height":852,"caption":"Ess\u00eancia do Toque Spa"},"image":{"@id":"https:\/\/xn--essnciadotoquespa-vtb.pt\/#\/schema\/logo\/image\/"}}]}},"_links":{"self":[{"href":"https:\/\/xn--essnciadotoquespa-vtb.pt\/wp-json\/wp\/v2\/pages\/37","targetHints":{"allow":["GET"]}}],"collection":[{"href":"https:\/\/xn--essnciadotoquespa-vtb.pt\/wp-json\/wp\/v2\/pages"}],"about":[{"href":"https:\/\/xn--essnciadotoquespa-vtb.pt\/wp-json\/wp\/v2\/types\/page"}],"author":[{"embeddable":true,"href":"https:\/\/xn--essnciadotoquespa-vtb.pt\/wp-json\/wp\/v2\/users\/1"}],"replies":[{"embeddable":true,"href":"https:\/\/xn--essnciadotoquespa-vtb.pt\/wp-json\/wp\/v2\/comments?post=37"}],"version-history":[{"count":4,"href":"https:\/\/xn--essnciadotoquespa-vtb.pt\/wp-json\/wp\/v2\/pages\/37\/revisions"}],"predecessor-version":[{"id":261,"href":"https:\/\/xn--essnciadotoquespa-vtb.pt\/wp-json\/wp\/v2\/pages\/37\/revisions\/261"}],"wp:featuredmedia":[{"embeddable":true,"href":"https:\/\/xn--essnciadotoquespa-vtb.pt\/wp-json\/wp\/v2\/media\/178"}],"wp:attachment":[{"href":"https:\/\/xn--essnciadotoquespa-vtb.pt\/wp-json\/wp\/v2\/media?parent=37"}],"curies":[{"name":"wp","href":"https:\/\/api.w.org\/{rel}","templated":true}]}}